{"id":48192,"date":"2025-05-14T15:41:38","date_gmt":"2025-05-14T15:41:38","guid":{"rendered":"https:\/\/floraria-ultraviolet.ro\/?page_id=48192"},"modified":"2025-05-14T16:42:48","modified_gmt":"2025-05-14T16:42:48","slug":"maintenance","status":"publish","type":"page","link":"https:\/\/floraria-ultraviolet.ro\/","title":{"rendered":"Maintenance"},"content":{"rendered":"\t\t<div data-elementor-type=\"wp-page\" data-elementor-id=\"48192\" class=\"elementor elementor-48192\">\n\t\t\t\t\t\t<section class=\"elementor-section elementor-top-section elementor-element elementor-element-3c8eabe elementor-section-full_width elementor-section-height-default elementor-section-height-default\" data-id=\"3c8eabe\" data-element_type=\"section\" data-settings=\"{&quot;background_background&quot;:&quot;classic&quot;}\">\n\t\t\t\t\t\t<div class=\"elementor-container elementor-column-gap-default\">\n\t\t\t\t\t<div class=\"elementor-column elementor-col-100 elementor-top-column elementor-element elementor-element-d375dd5\" data-id=\"d375dd5\" data-element_type=\"column\">\n\t\t\t<div class=\"elementor-widget-wrap elementor-element-populated\">\n\t\t\t\t\t\t<div class=\"elementor-element elementor-element-e1026af elementor-widget elementor-widget-heading\" data-id=\"e1026af\" data-element_type=\"widget\" data-widget_type=\"heading.default\">\n\t\t\t\t<div class=\"elementor-widget-container\">\n\t\t\t\t\t<h2 class=\"elementor-heading-title elementor-size-default\">Floraria<br>Ultraviolet<\/h2>\t\t\t\t<\/div>\n\t\t\t\t<\/div>\n\t\t\t\t<div class=\"elementor-element elementor-element-7a92fe9 elementor-widget elementor-widget-heading\" data-id=\"7a92fe9\" data-element_type=\"widget\" data-widget_type=\"heading.default\">\n\t\t\t\t<div class=\"elementor-widget-container\">\n\t\t\t\t\t<h1 class=\"elementor-heading-title elementor-size-default\">Site-ul nostru este \u00een prezent <br>re\u00eemprospatat<\/h1>\t\t\t\t<\/div>\n\t\t\t\t<\/div>\n\t\t\t\t\t<\/div>\n\t\t<\/div>\n\t\t\t\t\t<\/div>\n\t\t<\/section>\n\t\t<div class=\"elementor-element elementor-element-09af124 e-con-full e-flex e-con e-parent\" data-id=\"09af124\" data-element_type=\"container\" data-settings=\"{&quot;background_background&quot;:&quot;gradient&quot;}\">\n\t\t<div class=\"elementor-element elementor-element-0ff27ba e-con-full e-flex e-con e-child\" data-id=\"0ff27ba\" data-element_type=\"container\">\n\t\t<div class=\"elementor-element elementor-element-5121d2e e-con-full e-flex e-con e-child\" data-id=\"5121d2e\" data-element_type=\"container\" data-settings=\"{&quot;background_background&quot;:&quot;classic&quot;}\">\n\t\t<div class=\"elementor-element elementor-element-61664b1 e-con-full e-flex e-con e-child\" data-id=\"61664b1\" data-element_type=\"container\">\n\t\t\t\t<div class=\"elementor-element elementor-element-0ec7922 elementor-widget elementor-widget-heading\" data-id=\"0ec7922\" data-element_type=\"widget\" data-widget_type=\"heading.default\">\n\t\t\t\t<div class=\"elementor-widget-container\">\n\t\t\t\t\t<h2 class=\"elementor-heading-title elementor-size-default\">\u00cembun\u0103t\u0103\u021bim lucrurile!<\/h2>\t\t\t\t<\/div>\n\t\t\t\t<\/div>\n\t\t\t\t<div class=\"elementor-element elementor-element-12ddb7a elementor-widget elementor-widget-heading\" data-id=\"12ddb7a\" data-element_type=\"widget\" data-widget_type=\"heading.default\">\n\t\t\t\t<div class=\"elementor-widget-container\">\n\t\t\t\t\t<h3 class=\"elementor-heading-title elementor-size-default\">\u00cen timp ce ne facem gr\u0103dina digital\u0103 \u0219i mai frumoas\u0103, \n<br>pute\u021bi plasa comenzile:\n\n<br><br>\nLa telefon: <br>0787 600 614<br><br>\nSau direct la magazinul nostru: <br>\n<b>Flor\u0103ria Ultraviolet <\/b><br>\n\u0218oseaua Olteni\u021bei 48-50, Bucure\u0219ti <br><br>\n\nVom reveni \u00een cur\u00e2nd online cu un site \u00eenfloritor! <br>\nV\u0103 mul\u021bumim pentru r\u0103bdare.\n<br><br>\n\ud83c\udf37<\/h3>\t\t\t\t<\/div>\n\t\t\t\t<\/div>\n\t\t\t\t<\/div>\n\t\t\t\t<\/div>\n\t\t\t\t<\/div>\n\t\t\t\t<\/div>\n\t\t\t\t<\/div>\n\t\t","protected":false},"excerpt":{"rendered":"<p>FlorariaUltraviolet Site-ul nostru este \u00een prezent re\u00eemprospatat \u00cembun\u0103t\u0103\u021bim lucrurile! \u00cen timp ce ne facem gr\u0103dina digital\u0103 \u0219i mai frumoas\u0103, pute\u021bi plasa comenzile: La telefon: 0787 600 614 Sau direct la magazinul nostru: Flor\u0103ria Ultraviolet \u0218oseaua Olteni\u021bei 48-50, Bucure\u0219ti Vom reveni \u00een cur\u00e2nd online cu un site \u00eenfloritor! V\u0103 mul\u021bumim pentru r\u0103bdare. \ud83c\udf37<\/p>\n","protected":false},"author":1,"featured_media":0,"parent":0,"menu_order":0,"comment_status":"closed","ping_status":"closed","template":"elementor_canvas","meta":{"footnotes":""},"class_list":["post-48192","page","type-page","status-publish","hentry"],"_links":{"self":[{"href":"https:\/\/floraria-ultraviolet.ro\/index.php?rest_route=\/wp\/v2\/pages\/48192","targetHints":{"allow":["GET"]}}],"collection":[{"href":"https:\/\/floraria-ultraviolet.ro\/index.php?rest_route=\/wp\/v2\/pages"}],"about":[{"href":"https:\/\/floraria-ultraviolet.ro\/index.php?rest_route=\/wp\/v2\/types\/page"}],"author":[{"embeddable":true,"href":"https:\/\/floraria-ultraviolet.ro\/index.php?rest_route=\/wp\/v2\/users\/1"}],"replies":[{"embeddable":true,"href":"https:\/\/floraria-ultraviolet.ro\/index.php?rest_route=%2Fwp%2Fv2%2Fcomments&post=48192"}],"version-history":[{"count":67,"href":"https:\/\/floraria-ultraviolet.ro\/index.php?rest_route=\/wp\/v2\/pages\/48192\/revisions"}],"predecessor-version":[{"id":48260,"href":"https:\/\/floraria-ultraviolet.ro\/index.php?rest_route=\/wp\/v2\/pages\/48192\/revisions\/48260"}],"wp:attachment":[{"href":"https:\/\/floraria-ultraviolet.ro\/index.php?rest_route=%2Fwp%2Fv2%2Fmedia&parent=48192"}],"curies":[{"name":"wp","href":"https:\/\/api.w.org\/{rel}","templated":true}]}}